{"id":42,"date":"2013-09-11T14:53:36","date_gmt":"2013-09-11T12:53:36","guid":{"rendered":"http:\/\/news.hahnemuehle.com\/?page_id=42"},"modified":"2022-01-04T13:40:47","modified_gmt":"2022-01-04T12:40:47","slug":"imprint","status":"publish","type":"page","link":"https:\/\/blog.hahnemuehle.com\/en\/imprint\/","title":{"rendered":"Imprint"},"content":{"rendered":"<p>Hahnem\u00fchle FineArt GmbH<br \/>\nHahnestra\u00dfe 5<br \/>\n37586 Dassel<br \/>\nGermany<\/p>\n<p>Phone: +49 55 61 791-235<br \/>\nFax: +49 55 61 791-340<br \/>\npr@hahnemuehle.com<br \/>\n<a href=\"https:\/\/www.hahnemuehle.com\/en\/index.html\" target=\"_blank\" rel=\"noopener noreferrer\">www.hahnemuehle.com<\/a><br \/>\nShop UK: <a href=\"https:\/\/www.hahnemuehle.co.uk\/\" target=\"_blank\" rel=\"noopener noreferrer\">www.hahnemuehle.co.uk<\/a><\/p>\n<p>Commercial register: Goettingen<br \/>\nRegister no.: HRB 131008<br \/>\nLegal form: GmbH<br \/>\nRegistered office: Dassel<br \/>\nManaging director: Jan W\u00f6lfle<br \/>\nVAT Reg. No.: DE 811131962<\/p>\n","protected":false},"excerpt":{"rendered":"<p>Hahnem\u00fchle FineArt GmbH Hahnestra\u00dfe 5 37586 Dassel Germany Phone: +49 55 61 791-235 Fax: +49 55 61 791-340 pr@hahnemuehle.com www.hahnemuehle.com Shop UK: www.hahnemuehle.co.uk Commercial register: Goettingen Register no.: HRB 131008 Legal form: GmbH Registered office: Dassel Managing director: Jan W\u00f6lfle VAT Reg. No.: DE 811131962<\/p>\n","protected":false},"author":6,"featured_media":0,"parent":0,"menu_order":0,"comment_status":"closed","ping_status":"closed","template":"","meta":[],"acf":[],"yoast_head":"<!-- This site is optimized with the Yoast SEO plugin v19.4 - https:\/\/yoast.com\/wordpress\/plugins\/seo\/ -->\n<title>Imprint - Hahnem\u00fchle Blog<\/title>\n<meta name=\"robots\" content=\"index, follow, max-snippet:-1, max-image-preview:large, max-video-preview:-1\" \/>\n<link rel=\"canonical\" href=\"https:\/\/blog.hahnemuehle.com\/en\/imprint\/\" \/>\n<meta property=\"og:locale\" content=\"en_GB\" \/>\n<meta property=\"og:type\" content=\"article\" \/>\n<meta property=\"og:title\" content=\"Imprint - Hahnem\u00fchle Blog\" \/>\n<meta property=\"og:description\" content=\"Hahnem\u00fchle FineArt GmbH Hahnestra\u00dfe 5 37586 Dassel Germany Phone: +49 55 61 791-235 Fax: +49 55 61 791-340 pr@hahnemuehle.com www.hahnemuehle.com Shop UK: www.hahnemuehle.co.uk Commercial register: Goettingen Register no.: HRB 131008 Legal form: GmbH Registered office: Dassel Managing director: Jan W\u00f6lfle VAT Reg. No.: DE 811131962\" \/>\n<meta property=\"og:url\" content=\"https:\/\/blog.hahnemuehle.com\/en\/imprint\/\" \/>\n<meta property=\"og:site_name\" content=\"Hahnem\u00fchle Blog\" \/>\n<meta property=\"article:modified_time\" content=\"2022-01-04T12:40:47+00:00\" \/>\n<meta name=\"twitter:card\" content=\"summary\" \/>\n<script type=\"application\/ld+json\" class=\"yoast-schema-graph\">{\"@context\":\"https:\/\/schema.org\",\"@graph\":[{\"@type\":\"WebSite\",\"@id\":\"https:\/\/blog.hahnemuehle.com\/en\/#website\",\"url\":\"https:\/\/blog.hahnemuehle.com\/en\/\",\"name\":\"Hahnem\u00fchle Blog\",\"description\":\"\",\"potentialAction\":[{\"@type\":\"SearchAction\",\"target\":{\"@type\":\"EntryPoint\",\"urlTemplate\":\"https:\/\/blog.hahnemuehle.com\/en\/?s={search_term_string}\"},\"query-input\":\"required name=search_term_string\"}],\"inLanguage\":\"en-GB\"},{\"@type\":\"WebPage\",\"@id\":\"https:\/\/blog.hahnemuehle.com\/en\/imprint\/\",\"url\":\"https:\/\/blog.hahnemuehle.com\/en\/imprint\/\",\"name\":\"Imprint - Hahnem\u00fchle Blog\",\"isPartOf\":{\"@id\":\"https:\/\/blog.hahnemuehle.com\/en\/#website\"},\"datePublished\":\"2013-09-11T12:53:36+00:00\",\"dateModified\":\"2022-01-04T12:40:47+00:00\",\"breadcrumb\":{\"@id\":\"https:\/\/blog.hahnemuehle.com\/en\/imprint\/#breadcrumb\"},\"inLanguage\":\"en-GB\",\"potentialAction\":[{\"@type\":\"ReadAction\",\"target\":[\"https:\/\/blog.hahnemuehle.com\/en\/imprint\/\"]}]},{\"@type\":\"BreadcrumbList\",\"@id\":\"https:\/\/blog.hahnemuehle.com\/en\/imprint\/#breadcrumb\",\"itemListElement\":[{\"@type\":\"ListItem\",\"position\":1,\"name\":\"Home\",\"item\":\"https:\/\/blog.hahnemuehle.com\/en\/\"},{\"@type\":\"ListItem\",\"position\":2,\"name\":\"Imprint\"}]}]}<\/script>\n<!-- \/ Yoast SEO plugin. -->","yoast_head_json":{"title":"Imprint - Hahnem\u00fchle Blog","robots":{"index":"index","follow":"follow","max-snippet":"max-snippet:-1","max-image-preview":"max-image-preview:large","max-video-preview":"max-video-preview:-1"},"canonical":"https:\/\/blog.hahnemuehle.com\/en\/imprint\/","og_locale":"en_GB","og_type":"article","og_title":"Imprint - Hahnem\u00fchle Blog","og_description":"Hahnem\u00fchle FineArt GmbH Hahnestra\u00dfe 5 37586 Dassel Germany Phone: +49 55 61 791-235 Fax: +49 55 61 791-340 pr@hahnemuehle.com www.hahnemuehle.com Shop UK: www.hahnemuehle.co.uk Commercial register: Goettingen Register no.: HRB 131008 Legal form: GmbH Registered office: Dassel Managing director: Jan W\u00f6lfle VAT Reg. No.: DE 811131962","og_url":"https:\/\/blog.hahnemuehle.com\/en\/imprint\/","og_site_name":"Hahnem\u00fchle Blog","article_modified_time":"2022-01-04T12:40:47+00:00","twitter_card":"summary","schema":{"@context":"https:\/\/schema.org","@graph":[{"@type":"WebSite","@id":"https:\/\/blog.hahnemuehle.com\/en\/#website","url":"https:\/\/blog.hahnemuehle.com\/en\/","name":"Hahnem\u00fchle Blog","description":"","potentialAction":[{"@type":"SearchAction","target":{"@type":"EntryPoint","urlTemplate":"https:\/\/blog.hahnemuehle.com\/en\/?s={search_term_string}"},"query-input":"required name=search_term_string"}],"inLanguage":"en-GB"},{"@type":"WebPage","@id":"https:\/\/blog.hahnemuehle.com\/en\/imprint\/","url":"https:\/\/blog.hahnemuehle.com\/en\/imprint\/","name":"Imprint - Hahnem\u00fchle Blog","isPartOf":{"@id":"https:\/\/blog.hahnemuehle.com\/en\/#website"},"datePublished":"2013-09-11T12:53:36+00:00","dateModified":"2022-01-04T12:40:47+00:00","breadcrumb":{"@id":"https:\/\/blog.hahnemuehle.com\/en\/imprint\/#breadcrumb"},"inLanguage":"en-GB","potentialAction":[{"@type":"ReadAction","target":["https:\/\/blog.hahnemuehle.com\/en\/imprint\/"]}]},{"@type":"BreadcrumbList","@id":"https:\/\/blog.hahnemuehle.com\/en\/imprint\/#breadcrumb","itemListElement":[{"@type":"ListItem","position":1,"name":"Home","item":"https:\/\/blog.hahnemuehle.com\/en\/"},{"@type":"ListItem","position":2,"name":"Imprint"}]}]}},"jetpack_shortlink":"https:\/\/wp.me\/P7Muth-G","_links":{"self":[{"href":"https:\/\/blog.hahnemuehle.com\/en\/wp-json\/wp\/v2\/pages\/42"}],"collection":[{"href":"https:\/\/blog.hahnemuehle.com\/en\/wp-json\/wp\/v2\/pages"}],"about":[{"href":"https:\/\/blog.hahnemuehle.com\/en\/wp-json\/wp\/v2\/types\/page"}],"author":[{"embeddable":true,"href":"https:\/\/blog.hahnemuehle.com\/en\/wp-json\/wp\/v2\/users\/6"}],"replies":[{"embeddable":true,"href":"https:\/\/blog.hahnemuehle.com\/en\/wp-json\/wp\/v2\/comments?post=42"}],"version-history":[{"count":11,"href":"https:\/\/blog.hahnemuehle.com\/en\/wp-json\/wp\/v2\/pages\/42\/revisions"}],"predecessor-version":[{"id":20567,"href":"https:\/\/blog.hahnemuehle.com\/en\/wp-json\/wp\/v2\/pages\/42\/revisions\/20567"}],"wp:attachment":[{"href":"https:\/\/blog.hahnemuehle.com\/en\/wp-json\/wp\/v2\/media?parent=42"}],"curies":[{"name":"wp","href":"https:\/\/api.w.org\/{rel}","templated":true}]}}