{"id":10,"date":"2013-09-03T16:13:16","date_gmt":"2013-09-03T14:13:16","guid":{"rendered":"http:\/\/news.hahnemuehle.com\/?page_id=5"},"modified":"2024-02-22T14:10:41","modified_gmt":"2024-02-22T13:10:41","slug":"presentation","status":"publish","type":"page","link":"https:\/\/blog.hahnemuehle.com\/fr\/presentation\/","title":{"rendered":"Pr\u00e9sentation"},"content":{"rendered":"<p>[vc_row][vc_column][vc_custom_heading text=\u00a0\u00bbHahnem\u00fchle- Le papier le plus raffin\u00e9\u00a0\u00bb use_theme_fonts=\u00a0\u00bbyes\u00a0\u00bb][vc_separator][vc_column_text]La \u00ab tradition \u00bb, voici un mot que s\u2019approprient de nombreuses entreprises, mais rares sont celles qui sont en mesure de faire de ce terme le synonyme de fiabilit\u00e9, d\u2019exp\u00e9rience et de qualit\u00e9 d\u2019une mani\u00e8re plus l\u00e9gitime que nous, Hahnem\u00fchle, papetier depuis 1584 \u00e0 Dassel en Basse-Saxe.<\/p>\n<p>Au commencement, du papier \u00e0 lettres fabriqu\u00e9 \u00e0 la main, puis plus tard, du papier pour les Beaux-arts, et tout r\u00e9cemment, nous avons ajout\u00e9 \u00e0 cet \u00e9ventail le papier digital pour impression jet d\u2019encre dont nous sommes les pr\u00e9curseurs. En outre, Hahnem\u00fchle d\u00e9veloppe et produit des papiers de haute puret\u00e9 pour des applications techniques et des sciences de la vie.<\/p>\n<p>Encore aujourd\u2019hui, nous confectionnons les papiers pour artistes selon des recettes ancestrales \u00e0 partir de cellulose de grande qualit\u00e9 et d\u2019eau de source pure. Pour trouver de nouvelles applications dans les domaines de l\u2019art et de l\u2019industrie, nos experts constituent de pr\u00e9cieux alli\u00e9s pour les cr\u00e9atifs, les techniciens et les scientifiques.<\/p>\n<p>Nous fabriquons nos papiers selon les exigences de nos clients et en d\u00e9veloppons pour de nouveaux segments de march\u00e9. Notre devise est \u00ab la Qualit\u00e9 plut\u00f4t que la Quantit\u00e9 \u00bb .<\/p>\n<p>Aujourd\u2019hui, Hahnem\u00fchle poss\u00e8de des filiales en Grande-Bretagne, en France, aux \u00c9tats-Unis, Singapore et en Chine. Cela fait plus de 440 ans que la production se fait toujours au m\u00eame endroit \u2013 avec un tr\u00e8s haut niveau de qualit\u00e9, un grand esprit d\u2019innovation et une tradition forte.[\/vc_column_text][\/vc_column][\/vc_row][vc_row][vc_column][vc_single_image image=\u00a0\u00bb17923&Prime; img_size=\u00a0\u00bblarge\u00a0\u00bb alignment=\u00a0\u00bbcenter\u00a0\u00bb][\/vc_column][\/vc_row]<\/p>\n","protected":false},"excerpt":{"rendered":"<p>[vc_row][vc_column][vc_custom_heading text=\u00a0\u00bbHahnem\u00fchle- Le papier le plus raffin\u00e9\u00a0\u00bb use_theme_fonts=\u00a0\u00bbyes\u00a0\u00bb][vc_separator][vc_column_text]La \u00ab tradition \u00bb, voici un mot que s\u2019approprient de nombreuses entreprises, mais rares sont celles qui sont en mesure de faire de ce terme le synonyme de fiabilit\u00e9, d\u2019exp\u00e9rience et de qualit\u00e9 d\u2019une mani\u00e8re plus l\u00e9gitime que nous, Hahnem\u00fchle, papetier depuis 1584 \u00e0 Dassel en Basse-Saxe. Au&hellip;<\/p>\n","protected":false},"author":6,"featured_media":0,"parent":0,"menu_order":10,"comment_status":"closed","ping_status":"closed","template":"","meta":[],"acf":[],"yoast_head":"<!-- This site is optimized with the Yoast SEO plugin v19.4 - https:\/\/yoast.com\/wordpress\/plugins\/seo\/ -->\n<title>Pr\u00e9sentation - Hahnem\u00fchle Blog<\/title>\n<meta name=\"robots\" content=\"index, follow, max-snippet:-1, max-image-preview:large, max-video-preview:-1\" \/>\n<link rel=\"canonical\" href=\"https:\/\/blog.hahnemuehle.com\/fr\/presentation\/\" \/>\n<meta property=\"og:locale\" content=\"fr_FR\" \/>\n<meta property=\"og:type\" content=\"article\" \/>\n<meta property=\"og:title\" content=\"Pr\u00e9sentation - Hahnem\u00fchle Blog\" \/>\n<meta property=\"og:description\" content=\"[vc_row][vc_column][vc_custom_heading text=\u00a0\u00bbHahnem\u00fchle- Le papier le plus raffin\u00e9\u00a0\u00bb use_theme_fonts=\u00a0\u00bbyes\u00a0\u00bb][vc_separator][vc_column_text]La \u00ab tradition \u00bb, voici un mot que s\u2019approprient de nombreuses entreprises, mais rares sont celles qui sont en mesure de faire de ce terme le synonyme de fiabilit\u00e9, d\u2019exp\u00e9rience et de qualit\u00e9 d\u2019une mani\u00e8re plus l\u00e9gitime que nous, Hahnem\u00fchle, papetier depuis 1584 \u00e0 Dassel en Basse-Saxe. Au&hellip;\" \/>\n<meta property=\"og:url\" content=\"https:\/\/blog.hahnemuehle.com\/fr\/presentation\/\" \/>\n<meta property=\"og:site_name\" content=\"Hahnem\u00fchle Blog\" \/>\n<meta property=\"article:modified_time\" content=\"2024-02-22T13:10:41+00:00\" \/>\n<meta name=\"twitter:card\" content=\"summary\" \/>\n<meta name=\"twitter:label1\" content=\"Dur\u00e9e de lecture estim\u00e9e\" \/>\n\t<meta name=\"twitter:data1\" content=\"2 minutes\" \/>\n<script type=\"application\/ld+json\" class=\"yoast-schema-graph\">{\"@context\":\"https:\/\/schema.org\",\"@graph\":[{\"@type\":\"WebSite\",\"@id\":\"https:\/\/blog.hahnemuehle.com\/fr\/#website\",\"url\":\"https:\/\/blog.hahnemuehle.com\/fr\/\",\"name\":\"Hahnem\u00fchle Blog\",\"description\":\"\",\"potentialAction\":[{\"@type\":\"SearchAction\",\"target\":{\"@type\":\"EntryPoint\",\"urlTemplate\":\"https:\/\/blog.hahnemuehle.com\/fr\/?s={search_term_string}\"},\"query-input\":\"required name=search_term_string\"}],\"inLanguage\":\"fr-FR\"},{\"@type\":\"WebPage\",\"@id\":\"https:\/\/blog.hahnemuehle.com\/fr\/presentation\/\",\"url\":\"https:\/\/blog.hahnemuehle.com\/fr\/presentation\/\",\"name\":\"Pr\u00e9sentation - Hahnem\u00fchle Blog\",\"isPartOf\":{\"@id\":\"https:\/\/blog.hahnemuehle.com\/fr\/#website\"},\"datePublished\":\"2013-09-03T14:13:16+00:00\",\"dateModified\":\"2024-02-22T13:10:41+00:00\",\"breadcrumb\":{\"@id\":\"https:\/\/blog.hahnemuehle.com\/fr\/presentation\/#breadcrumb\"},\"inLanguage\":\"fr-FR\",\"potentialAction\":[{\"@type\":\"ReadAction\",\"target\":[\"https:\/\/blog.hahnemuehle.com\/fr\/presentation\/\"]}]},{\"@type\":\"BreadcrumbList\",\"@id\":\"https:\/\/blog.hahnemuehle.com\/fr\/presentation\/#breadcrumb\",\"itemListElement\":[{\"@type\":\"ListItem\",\"position\":1,\"name\":\"Home\",\"item\":\"https:\/\/blog.hahnemuehle.com\/fr\/\"},{\"@type\":\"ListItem\",\"position\":2,\"name\":\"Pr\u00e9sentation\"}]}]}<\/script>\n<!-- \/ Yoast SEO plugin. -->","yoast_head_json":{"title":"Pr\u00e9sentation - Hahnem\u00fchle Blog","robots":{"index":"index","follow":"follow","max-snippet":"max-snippet:-1","max-image-preview":"max-image-preview:large","max-video-preview":"max-video-preview:-1"},"canonical":"https:\/\/blog.hahnemuehle.com\/fr\/presentation\/","og_locale":"fr_FR","og_type":"article","og_title":"Pr\u00e9sentation - Hahnem\u00fchle Blog","og_description":"[vc_row][vc_column][vc_custom_heading text=\u00a0\u00bbHahnem\u00fchle- Le papier le plus raffin\u00e9\u00a0\u00bb use_theme_fonts=\u00a0\u00bbyes\u00a0\u00bb][vc_separator][vc_column_text]La \u00ab tradition \u00bb, voici un mot que s\u2019approprient de nombreuses entreprises, mais rares sont celles qui sont en mesure de faire de ce terme le synonyme de fiabilit\u00e9, d\u2019exp\u00e9rience et de qualit\u00e9 d\u2019une mani\u00e8re plus l\u00e9gitime que nous, Hahnem\u00fchle, papetier depuis 1584 \u00e0 Dassel en Basse-Saxe. Au&hellip;","og_url":"https:\/\/blog.hahnemuehle.com\/fr\/presentation\/","og_site_name":"Hahnem\u00fchle Blog","article_modified_time":"2024-02-22T13:10:41+00:00","twitter_card":"summary","twitter_misc":{"Dur\u00e9e de lecture estim\u00e9e":"2 minutes"},"schema":{"@context":"https:\/\/schema.org","@graph":[{"@type":"WebSite","@id":"https:\/\/blog.hahnemuehle.com\/fr\/#website","url":"https:\/\/blog.hahnemuehle.com\/fr\/","name":"Hahnem\u00fchle Blog","description":"","potentialAction":[{"@type":"SearchAction","target":{"@type":"EntryPoint","urlTemplate":"https:\/\/blog.hahnemuehle.com\/fr\/?s={search_term_string}"},"query-input":"required name=search_term_string"}],"inLanguage":"fr-FR"},{"@type":"WebPage","@id":"https:\/\/blog.hahnemuehle.com\/fr\/presentation\/","url":"https:\/\/blog.hahnemuehle.com\/fr\/presentation\/","name":"Pr\u00e9sentation - Hahnem\u00fchle Blog","isPartOf":{"@id":"https:\/\/blog.hahnemuehle.com\/fr\/#website"},"datePublished":"2013-09-03T14:13:16+00:00","dateModified":"2024-02-22T13:10:41+00:00","breadcrumb":{"@id":"https:\/\/blog.hahnemuehle.com\/fr\/presentation\/#breadcrumb"},"inLanguage":"fr-FR","potentialAction":[{"@type":"ReadAction","target":["https:\/\/blog.hahnemuehle.com\/fr\/presentation\/"]}]},{"@type":"BreadcrumbList","@id":"https:\/\/blog.hahnemuehle.com\/fr\/presentation\/#breadcrumb","itemListElement":[{"@type":"ListItem","position":1,"name":"Home","item":"https:\/\/blog.hahnemuehle.com\/fr\/"},{"@type":"ListItem","position":2,"name":"Pr\u00e9sentation"}]}]}},"jetpack_shortlink":"https:\/\/wp.me\/P7Mut2-a","_links":{"self":[{"href":"https:\/\/blog.hahnemuehle.com\/fr\/wp-json\/wp\/v2\/pages\/10"}],"collection":[{"href":"https:\/\/blog.hahnemuehle.com\/fr\/wp-json\/wp\/v2\/pages"}],"about":[{"href":"https:\/\/blog.hahnemuehle.com\/fr\/wp-json\/wp\/v2\/types\/page"}],"author":[{"embeddable":true,"href":"https:\/\/blog.hahnemuehle.com\/fr\/wp-json\/wp\/v2\/users\/6"}],"replies":[{"embeddable":true,"href":"https:\/\/blog.hahnemuehle.com\/fr\/wp-json\/wp\/v2\/comments?post=10"}],"version-history":[{"count":12,"href":"https:\/\/blog.hahnemuehle.com\/fr\/wp-json\/wp\/v2\/pages\/10\/revisions"}],"predecessor-version":[{"id":18639,"href":"https:\/\/blog.hahnemuehle.com\/fr\/wp-json\/wp\/v2\/pages\/10\/revisions\/18639"}],"wp:attachment":[{"href":"https:\/\/blog.hahnemuehle.com\/fr\/wp-json\/wp\/v2\/media?parent=10"}],"curies":[{"name":"wp","href":"https:\/\/api.w.org\/{rel}","templated":true}]}}