{"id":16407,"date":"2017-05-09T14:14:59","date_gmt":"2017-05-09T12:14:59","guid":{"rendered":"https:\/\/blog.hahnemuehle.com\/fr\/?page_id=16407"},"modified":"2020-10-28T14:40:54","modified_gmt":"2020-10-28T13:40:54","slug":"blogger","status":"publish","type":"page","link":"https:\/\/blog.hahnemuehle.com\/fr\/blogger\/","title":{"rendered":"Blogger Lounge"},"content":{"rendered":"<div class=\"wpb-content-wrapper\"><p>[vc_row][vc_column][vc_column_text]<\/p>\n<p style=\"text-align: center\">Vous \u00eates infleuenceur, artiste, graphiste, vous avez un compte instagram, une cha\u00eene Youtube ou encore un blog? Si vous aimez partager vos peintures, dessins, photographies, DIY et aimez nos papiers, rejoignez le Blogger Lounge!<\/p>\n<p>[\/vc_column_text][vc_separator][\/vc_column][\/vc_row][vc_row][vc_column width=\u00a0\u00bb1\/2&Prime;][vc_custom_heading text=\u00a0\u00bbNous vous proposons\u00a0\u00bb font_container=\u00a0\u00bbtag:h3|text_align:center|color:%23e30613&Prime; use_theme_fonts=\u00a0\u00bbyes\u00a0\u00bb][vc_column_text]<\/p>\n<p style=\"text-align: center\">Vous recevrez un kit de bienvenue Hahnem\u00fchle, compos\u00e9 de produits \u00e0 tester.<\/p>\n<p style=\"text-align: center\">Vous recevrez les informations sur nos produits en exclusivit\u00e9, que vous pourrez partager avec votre communaut\u00e9.<\/p>\n<p style=\"text-align: center\">R\u00e9guli\u00e8rement, nous vous enverrons des produits ainsi que des \u00e9chantillons \u00e0 tester.<\/p>\n<p>[\/vc_column_text][\/vc_column][vc_column width=\u00a0\u00bb1\/2&Prime;][vc_custom_heading text=\u00a0\u00bbCe que nous attendons de vous\u00a0\u00bb font_container=\u00a0\u00bbtag:h3|text_align:center|color:%23e30613&Prime; use_theme_fonts=\u00a0\u00bbyes\u00a0\u00bb][vc_column_text]<\/p>\n<p style=\"text-align: center\">Une visibilit\u00e9 sur votre site \/ blog \/ Instagram \/ Facebook \/ Youtube &#8230;<\/p>\n<p style=\"text-align: center\">Une certaine r\u00e9gularit\u00e9 dans vos posts mentionnant la marque et les produits.<\/p>\n<p style=\"text-align: center\">Votre avis le plus honn\u00eate sur nos produits pour nous permettre de nous am\u00e9liorer.<\/p>\n<p>[\/vc_column_text][\/vc_column][\/vc_row][vc_row][vc_column][vc_separator]\n<div class=\"wpcf7 no-js\" id=\"wpcf7-f16411-o1\" lang=\"de-DE\" dir=\"ltr\" data-wpcf7-id=\"16411\">\n<div class=\"screen-reader-response\"><p role=\"status\" aria-live=\"polite\" aria-atomic=\"true\"><\/p> <ul><\/ul><\/div>\n<form action=\"\/fr\/wp-json\/wp\/v2\/pages\/16407#wpcf7-f16411-o1\" method=\"post\" class=\"wpcf7-form init wpcf7-acceptance-as-validation\" aria-label=\"Kontaktformular\" enctype=\"multipart\/form-data\" novalidate=\"novalidate\" data-status=\"init\">\n<fieldset class=\"hidden-fields-container\"><input type=\"hidden\" name=\"_wpcf7\" value=\"16411\" \/><input type=\"hidden\" name=\"_wpcf7_version\" value=\"6.1.5\" \/><input type=\"hidden\" name=\"_wpcf7_locale\" value=\"de_DE\" \/><input type=\"hidden\" name=\"_wpcf7_unit_tag\" value=\"wpcf7-f16411-o1\" \/><input type=\"hidden\" name=\"_wpcf7_container_post\" value=\"0\" \/><input type=\"hidden\" name=\"_wpcf7_posted_data_hash\" value=\"\" \/>\n<\/fieldset>\n<div id=\"formular-anker\" style=\"visibility:hidden;height:120px;margin-top:-120px;position:absolute;\"><\/div>\n<h3 id=\"bform\">Formulaire de candidature<\/h3>\n\n<div id=\"formular\">\n\n<span class=\"wrap\"><label for=\"mail\">Mail*:<\/label><span class=\"wpcf7-form-control-wrap\" data-name=\"email-92\"><input size=\"40\" maxlength=\"400\" class=\"wpcf7-form-control wpcf7-email wpcf7-validates-as-required wpcf7-text wpcf7-validates-as-email\" id=\"mail\" aria-required=\"true\" aria-invalid=\"false\" value=\"\" type=\"email\" name=\"email-92\" \/><\/span><\/span>\n<span class=\"wrap\"><label for=\"name\">Nom*:<\/label><span class=\"wpcf7-form-control-wrap\" data-name=\"text-715\"><input size=\"40\" maxlength=\"400\" class=\"wpcf7-form-control wpcf7-text wpcf7-validates-as-required\" id=\"name\" aria-required=\"true\" aria-invalid=\"false\" value=\"\" type=\"text\" name=\"text-715\" \/><\/span><\/span>\n<span class=\"wrap\"><label for=\"date\">Date de naissance*:<\/label><span class=\"wpcf7-form-control-wrap\" data-name=\"date-841\"><input size=\"40\" maxlength=\"400\" class=\"wpcf7-form-control wpcf7-text wpcf7-validates-as-required\" id=\"date\" aria-required=\"true\" aria-invalid=\"false\" value=\"\" type=\"text\" name=\"date-841\" \/><\/span><\/span>\n<span class=\"wrap\"><label for=\"url\">URL de votre blog\/cha\u00eene Youtube*:<\/label><span class=\"wpcf7-form-control-wrap\" data-name=\"url-999\"><input size=\"40\" maxlength=\"400\" class=\"wpcf7-form-control wpcf7-url wpcf7-validates-as-required wpcf7-text wpcf7-validates-as-url\" id=\"url\" aria-required=\"true\" aria-invalid=\"false\" value=\"\" type=\"url\" name=\"url-999\" \/><\/span><\/span>\n<span class=\"wrap\"><label for=\"blogname\">Nom de votre blog\/cha\u00eene Youtube*:<\/label><span class=\"wpcf7-form-control-wrap\" data-name=\"text-716\"><input size=\"40\" maxlength=\"400\" class=\"wpcf7-form-control wpcf7-text wpcf7-validates-as-required\" id=\"blogname\" aria-required=\"true\" aria-invalid=\"false\" value=\"\" type=\"text\" name=\"text-716\" \/><\/span><\/span>\n<span class=\"wrap\"><label for=\"blogdescription\">Description rapide de votre blog\/cha\u00eene Youtube*:<\/label><span class=\"wpcf7-form-control-wrap\" data-name=\"text-717\"><input size=\"40\" maxlength=\"400\" class=\"wpcf7-form-control wpcf7-text wpcf7-validates-as-required\" id=\"blogdescription\" aria-required=\"true\" aria-invalid=\"false\" value=\"\" type=\"text\" name=\"text-717\" \/><\/span><\/span>\n<span class=\"wrap\"><label for=\"monthlyclicks\">Nb de vues par mois*:<\/label><span class=\"wpcf7-form-control-wrap\" data-name=\"number-872\"><input class=\"wpcf7-form-control wpcf7-number wpcf7-validates-as-required wpcf7-validates-as-number\" id=\"monthlyclicks\" aria-required=\"true\" aria-invalid=\"false\" value=\"\" type=\"number\" name=\"number-872\" \/><\/span><\/span>\n<span class=\"wrap\"><label for=\"foundingyear\">Ann\u00e9e de cr\u00e9ation:<\/label><span class=\"wpcf7-form-control-wrap\" data-name=\"number-873\"><input class=\"wpcf7-form-control wpcf7-number wpcf7-validates-as-number\" id=\"foundingyear\" aria-invalid=\"false\" value=\"\" type=\"number\" name=\"number-873\" \/><\/span><\/span>\n<span class=\"wrap\"><label for=\"follower\">Nb de followers*:<\/label><span class=\"wpcf7-form-control-wrap\" data-name=\"number-874\"><input class=\"wpcf7-form-control wpcf7-number wpcf7-validates-as-required wpcf7-validates-as-number\" id=\"follower\" aria-required=\"true\" aria-invalid=\"false\" value=\"\" type=\"number\" name=\"number-874\" \/><\/span><\/span>\n<span class=\"wrap\"><label for=\"uniqueusers\">Nb moyen de visiteurs uniques*:<\/label><span class=\"wpcf7-form-control-wrap\" data-name=\"text-718\"><input size=\"40\" maxlength=\"400\" class=\"wpcf7-form-control wpcf7-text wpcf7-validates-as-required\" id=\"uniqueusers\" aria-required=\"true\" aria-invalid=\"false\" value=\"\" type=\"text\" name=\"text-718\" \/><\/span><\/span>\n<span class=\"wrap\"><label for=\"mediakit\">Media Kit**:<\/label><span class=\"wpcf7-form-control-wrap\" data-name=\"file-397\"><input size=\"40\" class=\"wpcf7-form-control wpcf7-file\" id=\"mediakit\" accept=\".gif,.png,.jpg,.jpeg,.pdf,.zip\" aria-invalid=\"false\" type=\"file\" name=\"file-397\" \/><\/span><\/span>\n<span class=\"wrap\"><label for=\"instafollower\">Nb de followers Instagram:<\/label><span class=\"wpcf7-form-control-wrap\" data-name=\"number-878\"><input class=\"wpcf7-form-control wpcf7-number wpcf7-validates-as-number\" id=\"instafollower\" aria-invalid=\"false\" value=\"\" type=\"number\" name=\"number-878\" \/><\/span><\/span>\n<span class=\"wrap\"><label for=\"ytfollower\">Nb de followers Youtube:<\/label><span class=\"wpcf7-form-control-wrap\" data-name=\"number-876\"><input class=\"wpcf7-form-control wpcf7-number wpcf7-validates-as-number\" id=\"ytfollower\" aria-invalid=\"false\" value=\"\" type=\"number\" name=\"number-876\" \/><\/span><\/span>\n<span class=\"wrap\"><label for=\"fbfollower\">Nb de followers Facebook :<\/label><span class=\"wpcf7-form-control-wrap\" data-name=\"number-877\"><input class=\"wpcf7-form-control wpcf7-number wpcf7-validates-as-number\" id=\"fbfollower\" aria-invalid=\"false\" value=\"\" type=\"number\" name=\"number-877\" \/><\/span><\/span>\n<span class=\"wrap\"><label for=\"twitterfollower\">Nb de followers Twitter:<\/label><span class=\"wpcf7-form-control-wrap\" data-name=\"number-875\"><input class=\"wpcf7-form-control wpcf7-number wpcf7-validates-as-number\" id=\"twitterfollower\" aria-invalid=\"false\" value=\"\" type=\"number\" name=\"number-875\" \/><\/span><\/span>\n\n\n<span id=\"wpcf7-69f5b4dd77b08-wrapper\" class=\"wpcf7-form-control-wrap lastname-wrap\" style=\"display:none !important; visibility:hidden !important;\"><label for=\"wpcf7-69f5b4dd77b08-field\" class=\"hp-message\">Bitte lasse dieses Feld leer.<\/label><input id=\"wpcf7-69f5b4dd77b08-field\"  class=\"wpcf7-form-control wpcf7-text\" type=\"text\" name=\"lastname\" value=\"\" size=\"40\" tabindex=\"-1\" autocomplete=\"new-password\" \/><\/span>\n<\/div>\n<div id=\"confirm\">\n<br style=\"clear:both;\" \/>\n<br \/>\n* mention obligatoire<br \/>\n** si disponible\n<br \/><br \/>\nSi votre candidature est retenue, vous recevrez un e-mail de confirmation. Vous recevrez le kit de bienvenue avec 3 produits de votre choix d\u2019une valeur maximum de 150 \u20ac prix public. Vos publications devront inclure le lien vers la page internet du produit Hahnem\u00fchle et devront contenir un minimum de 300 mots.\nNB : nous nous r\u00e9servons le droit de d\u00e9cliner votre candidature si elle ne r\u00e9pond pas \u00e0 nos crit\u00e8res de s\u00e9lection. En raison du grand nombre de candidatures, il ne sera pas possible de fournir de motif sur le refus.<br \/> <br \/>\n<span class=\"wrap\"><span class=\"wpcf7-form-control-wrap\" data-name=\"acceptance-236\"><span class=\"wpcf7-form-control wpcf7-acceptance\"><span class=\"wpcf7-list-item\"><input type=\"checkbox\" name=\"acceptance-236\" value=\"1\" id=\"datenschutz\" aria-invalid=\"false\" \/><\/span><\/span><\/span> <label for=\"datenschutz\">J\u2019ai lu la<\/label> <a href=\"\/intimite\" target=\"_blank\">politique de confidentialit\u00e9<\/a> <label for=\"datenschutz\">et j\u2019accepte l\u2019utilisation des donn\u00e9es transmises.<\/label><\/span> <br \/> <br \/>\n<input class=\"wpcf7-form-control wpcf7-submit has-spinner\" id=\"submit\" type=\"submit\" value=\"Envoyer\" \/><br \/><br \/>\n<\/div><div class=\"wpcf7-response-output\" aria-hidden=\"true\"><\/div>\n<\/form>\n<\/div>\n[\/vc_column][\/vc_row]<\/p>\n<\/div>","protected":false},"excerpt":{"rendered":"<p>[vc_row][vc_column][vc_column_text] Vous \u00eates infleuenceur, artiste, graphiste, vous avez un compte instagram, une cha\u00eene Youtube ou encore un blog? Si vous aimez partager vos peintures, dessins, photographies, DIY et aimez nos papiers, rejoignez le Blogger Lounge! [\/vc_column_text][vc_separator][\/vc_column][\/vc_row][vc_row][vc_column width=\u00a0\u00bb1\/2&Prime;][vc_custom_heading text=\u00a0\u00bbNous vous proposons\u00a0\u00bb font_container=\u00a0\u00bbtag:h3|text_align:center|color:%23e30613&Prime; use_theme_fonts=\u00a0\u00bbyes\u00a0\u00bb][vc_column_text] Vous recevrez un kit de bienvenue Hahnem\u00fchle, compos\u00e9 de produits \u00e0 tester. Vous&hellip;<\/p>\n","protected":false},"author":18,"featured_media":0,"parent":0,"menu_order":0,"comment_status":"closed","ping_status":"closed","template":"","meta":{"_acf_changed":false,"jetpack_post_was_ever_published":false,"footnotes":""},"class_list":["post-16407","page","type-page","status-publish","hentry","description-off"],"acf":[],"yoast_head":"<!-- This site is optimized with the Yoast SEO plugin v27.4 - https:\/\/yoast.com\/product\/yoast-seo-wordpress\/ -->\n<title>Hahnem\u00fchle Blogger Lounge<\/title>\n<meta name=\"description\" content=\"Are you a photographer, artist or a creative spirit and using paper? Join our Blogger Lounge. Find more information in detail on this website.\" \/>\n<meta name=\"robots\" content=\"index, follow, max-snippet:-1, max-image-preview:large, max-video-preview:-1\" \/>\n<link rel=\"canonical\" href=\"https:\/\/blog.hahnemuehle.com\/fr\/blogger\/\" \/>\n<meta property=\"og:locale\" content=\"fr_FR\" \/>\n<meta property=\"og:type\" content=\"article\" \/>\n<meta property=\"og:title\" content=\"Hahnem\u00fchle Blogger Lounge\" \/>\n<meta property=\"og:description\" content=\"Are you a photographer, artist or a creative spirit and using paper? Join our Blogger Lounge. Find more information in detail on this website.\" \/>\n<meta property=\"og:url\" content=\"https:\/\/blog.hahnemuehle.com\/fr\/blogger\/\" \/>\n<meta property=\"og:site_name\" content=\"Hahnem\u00fchle Blog\" \/>\n<meta property=\"article:modified_time\" content=\"2020-10-28T13:40:54+00:00\" \/>\n<meta name=\"twitter:card\" content=\"summary_large_image\" \/>\n<meta name=\"twitter:label1\" content=\"Dur\u00e9e de lecture estim\u00e9e\" \/>\n\t<meta name=\"twitter:data1\" content=\"1 minute\" \/>\n<script type=\"application\/ld+json\" class=\"yoast-schema-graph\">{\"@context\":\"https:\\\/\\\/schema.org\",\"@graph\":[{\"@type\":\"WebPage\",\"@id\":\"https:\\\/\\\/blog.hahnemuehle.com\\\/fr\\\/blogger\\\/\",\"url\":\"https:\\\/\\\/blog.hahnemuehle.com\\\/fr\\\/blogger\\\/\",\"name\":\"Hahnem\u00fchle Blogger Lounge\",\"isPartOf\":{\"@id\":\"https:\\\/\\\/blog.hahnemuehle.com\\\/fr\\\/#website\"},\"datePublished\":\"2017-05-09T12:14:59+00:00\",\"dateModified\":\"2020-10-28T13:40:54+00:00\",\"description\":\"Are you a photographer, artist or a creative spirit and using paper? Join our Blogger Lounge. Find more information in detail on this website.\",\"breadcrumb\":{\"@id\":\"https:\\\/\\\/blog.hahnemuehle.com\\\/fr\\\/blogger\\\/#breadcrumb\"},\"inLanguage\":\"fr-FR\",\"potentialAction\":[{\"@type\":\"ReadAction\",\"target\":[\"https:\\\/\\\/blog.hahnemuehle.com\\\/fr\\\/blogger\\\/\"]}]},{\"@type\":\"BreadcrumbList\",\"@id\":\"https:\\\/\\\/blog.hahnemuehle.com\\\/fr\\\/blogger\\\/#breadcrumb\",\"itemListElement\":[{\"@type\":\"ListItem\",\"position\":1,\"name\":\"Home\",\"item\":\"https:\\\/\\\/blog.hahnemuehle.com\\\/fr\\\/\"},{\"@type\":\"ListItem\",\"position\":2,\"name\":\"Blogger Lounge\"}]},{\"@type\":\"WebSite\",\"@id\":\"https:\\\/\\\/blog.hahnemuehle.com\\\/fr\\\/#website\",\"url\":\"https:\\\/\\\/blog.hahnemuehle.com\\\/fr\\\/\",\"name\":\"Hahnem\u00fchle Blog\",\"description\":\"\",\"potentialAction\":[{\"@type\":\"SearchAction\",\"target\":{\"@type\":\"EntryPoint\",\"urlTemplate\":\"https:\\\/\\\/blog.hahnemuehle.com\\\/fr\\\/?s={search_term_string}\"},\"query-input\":{\"@type\":\"PropertyValueSpecification\",\"valueRequired\":true,\"valueName\":\"search_term_string\"}}],\"inLanguage\":\"fr-FR\"}]}<\/script>\n<!-- \/ Yoast SEO plugin. -->","yoast_head_json":{"title":"Hahnem\u00fchle Blogger Lounge","description":"Are you a photographer, artist or a creative spirit and using paper? Join our Blogger Lounge. Find more information in detail on this website.","robots":{"index":"index","follow":"follow","max-snippet":"max-snippet:-1","max-image-preview":"max-image-preview:large","max-video-preview":"max-video-preview:-1"},"canonical":"https:\/\/blog.hahnemuehle.com\/fr\/blogger\/","og_locale":"fr_FR","og_type":"article","og_title":"Hahnem\u00fchle Blogger Lounge","og_description":"Are you a photographer, artist or a creative spirit and using paper? Join our Blogger Lounge. Find more information in detail on this website.","og_url":"https:\/\/blog.hahnemuehle.com\/fr\/blogger\/","og_site_name":"Hahnem\u00fchle Blog","article_modified_time":"2020-10-28T13:40:54+00:00","twitter_card":"summary_large_image","twitter_misc":{"Dur\u00e9e de lecture estim\u00e9e":"1 minute"},"schema":{"@context":"https:\/\/schema.org","@graph":[{"@type":"WebPage","@id":"https:\/\/blog.hahnemuehle.com\/fr\/blogger\/","url":"https:\/\/blog.hahnemuehle.com\/fr\/blogger\/","name":"Hahnem\u00fchle Blogger Lounge","isPartOf":{"@id":"https:\/\/blog.hahnemuehle.com\/fr\/#website"},"datePublished":"2017-05-09T12:14:59+00:00","dateModified":"2020-10-28T13:40:54+00:00","description":"Are you a photographer, artist or a creative spirit and using paper? Join our Blogger Lounge. Find more information in detail on this website.","breadcrumb":{"@id":"https:\/\/blog.hahnemuehle.com\/fr\/blogger\/#breadcrumb"},"inLanguage":"fr-FR","potentialAction":[{"@type":"ReadAction","target":["https:\/\/blog.hahnemuehle.com\/fr\/blogger\/"]}]},{"@type":"BreadcrumbList","@id":"https:\/\/blog.hahnemuehle.com\/fr\/blogger\/#breadcrumb","itemListElement":[{"@type":"ListItem","position":1,"name":"Home","item":"https:\/\/blog.hahnemuehle.com\/fr\/"},{"@type":"ListItem","position":2,"name":"Blogger Lounge"}]},{"@type":"WebSite","@id":"https:\/\/blog.hahnemuehle.com\/fr\/#website","url":"https:\/\/blog.hahnemuehle.com\/fr\/","name":"Hahnem\u00fchle Blog","description":"","potentialAction":[{"@type":"SearchAction","target":{"@type":"EntryPoint","urlTemplate":"https:\/\/blog.hahnemuehle.com\/fr\/?s={search_term_string}"},"query-input":{"@type":"PropertyValueSpecification","valueRequired":true,"valueName":"search_term_string"}}],"inLanguage":"fr-FR"}]}},"jetpack_shortlink":"https:\/\/wp.me\/P7Mut2-4gD","jetpack_sharing_enabled":true,"_links":{"self":[{"href":"https:\/\/blog.hahnemuehle.com\/fr\/wp-json\/wp\/v2\/pages\/16407","targetHints":{"allow":["GET"]}}],"collection":[{"href":"https:\/\/blog.hahnemuehle.com\/fr\/wp-json\/wp\/v2\/pages"}],"about":[{"href":"https:\/\/blog.hahnemuehle.com\/fr\/wp-json\/wp\/v2\/types\/page"}],"author":[{"embeddable":true,"href":"https:\/\/blog.hahnemuehle.com\/fr\/wp-json\/wp\/v2\/users\/18"}],"replies":[{"embeddable":true,"href":"https:\/\/blog.hahnemuehle.com\/fr\/wp-json\/wp\/v2\/comments?post=16407"}],"version-history":[{"count":20,"href":"https:\/\/blog.hahnemuehle.com\/fr\/wp-json\/wp\/v2\/pages\/16407\/revisions"}],"predecessor-version":[{"id":17749,"href":"https:\/\/blog.hahnemuehle.com\/fr\/wp-json\/wp\/v2\/pages\/16407\/revisions\/17749"}],"wp:attachment":[{"href":"https:\/\/blog.hahnemuehle.com\/fr\/wp-json\/wp\/v2\/media?parent=16407"}],"curies":[{"name":"wp","href":"https:\/\/api.w.org\/{rel}","templated":true}]}}