{"id":32,"date":"2013-09-11T14:45:04","date_gmt":"2013-09-11T12:45:04","guid":{"rendered":"http:\/\/news.hahnemuehle.com\/?page_id=32"},"modified":"2018-05-18T15:17:26","modified_gmt":"2018-05-18T13:17:26","slug":"intimite","status":"publish","type":"page","link":"https:\/\/blog.hahnemuehle.com\/fr\/intimite\/","title":{"rendered":"Charte de confidentialit\u00e9"},"content":{"rendered":"<p>[vc_row][vc_column][vc_column_text]<strong>1. Informations sur la collecte des donn\u00e9es personnelles<\/strong><\/p>\n<p>&nbsp;<\/p>\n<p>La protection de vos donn\u00e9es personnelles lors de leur collecte, de leur traitement et de leur utilisation \u00e0 l\u2019occasion de votre visite sur notre site web est une de nos pr\u00e9occupations majeures. Vos donn\u00e9es ne seront trait\u00e9es que dans le cadre des dispositions l\u00e9gales. Vous trouverez ci-dessous des informations relatives aux donn\u00e9es collect\u00e9es lors de votre visite sur notre site web et \u00e0 la fa\u00e7on dont celles-ci sont utilis\u00e9es.<\/p>\n<p>&nbsp;<\/p>\n<p><strong>a. Collecte et traitement des donn\u00e9es<\/strong><\/p>\n<p>Tout acc\u00e8s \u00e0 notre site web et toute r\u00e9cup\u00e9ration d\u2019un fichier d\u00e9pos\u00e9 sur notre site web sera enregistr\u00e9. L\u2019enregistrement sert \u00e0 des fins internes li\u00e9es au syst\u00e8me et dans un but statistique. Sont enregistr\u00e9s\u00a0: le nom du fichier r\u00e9cup\u00e9r\u00e9, la date et l\u2019heure de la r\u00e9cup\u00e9ration, le volume de donn\u00e9es transf\u00e9r\u00e9, la notification d\u2019une r\u00e9cup\u00e9ration r\u00e9ussie, le navigateur web et le domaine source depuis lequel est faite la demande.<\/p>\n<p>Les adresses IP de l\u2019ordinateur source depuis lequel est faite la demande sont aussi enregistr\u00e9es.<\/p>\n<p>(Base juridique\u00a0: art. 6, par. 1, f) du r\u00e8glement g\u00e9n\u00e9ral de l\u2019UE sur la protection des donn\u00e9es \u2013 RGPD)<\/p>\n<p>Les autres donn\u00e9es personnelles ne sont collect\u00e9es que si vous fournissez volontairement ces informations, par exemple dans le cadre d\u2019une demande effectu\u00e9e via notre formulaire de contact.<\/p>\n<p>Pour l\u2019inscription \u00e0 la lettre d\u2019information, nous utilisons le proc\u00e9d\u00e9 dit du double consentement (\u00ab\u00a0double opt-in\u00a0\u00bb). Ce syst\u00e8me fonctionne de telle sorte que vous saisissez d\u2019abord vos nom et pr\u00e9nom ainsi qu\u2019une adresse e-mail valide lors de l\u2019inscription. Nous vous envoyons ensuite un e-mail comportant un lien de confirmation. Votre compte ne sera activ\u00e9 chez nous qu\u2019apr\u00e8s votre confirmation.<\/p>\n<p>&nbsp;<\/p>\n<p><strong>b. Utilisation et transmission des donn\u00e9es personnelles<\/strong><\/p>\n<p>Dans la mesure o\u00f9 vous nous avez fourni des donn\u00e9es personnelles, nous ne les utilisons que pour r\u00e9pondre \u00e0 vos questions, pour ex\u00e9cuter les contrats conclus avec vous et pour l\u2019administration technique.<\/p>\n<p>Vos donn\u00e9es personnelles ne sont transmises ou communiqu\u00e9es d\u2019une quelconque mani\u00e8re \u00e0 des tiers que si cela est n\u00e9cessaire pour l\u2019ex\u00e9cution du contrat \u2013 en particulier pour la transmission de donn\u00e9es de commande aux fournisseurs \u2013, aux fins de facturation ou si vous y avez pr\u00e9alablement consenti. Vous avez le droit de r\u00e9voquer \u00e0 tout moment votre consentement avec effet pour l\u2019avenir.<\/p>\n<p>La suppression des donn\u00e9es personnelles enregistr\u00e9es a lieu si vous r\u00e9voquez votre consentement \u00e0 leur enregistrement, si la connaissance de ces donn\u00e9es n\u2019est plus n\u00e9cessaire \u00e0 la r\u00e9alisation du but poursuivi par l\u2019enregistrement ou si leur enregistrement n\u2019est pas autoris\u00e9 pour d\u2019autres raisons l\u00e9gales.<\/p>\n<p>&nbsp;<\/p>\n<p><strong>c.<\/strong> Si vous avez donn\u00e9 votre consentement au traitement de vos donn\u00e9es, celui-ci peut \u00eatre r\u00e9voqu\u00e9 \u00e0 tout moment. Une fois que vous nous l\u2019aurez formul\u00e9e, cette r\u00e9vocation aura une incidence sur l\u2019admissibilit\u00e9 du traitement de vos donn\u00e9es personnelles.<\/p>\n<p>&nbsp;<\/p>\n<p><strong>d.<\/strong> Dans la mesure o\u00f9 nous traitons vos donn\u00e9es personnelles en tenant compte de vos int\u00e9r\u00eats, vous pouvez vous opposer au traitement de ces donn\u00e9es. Tel est le cas en particulier lorsque le traitement n\u2019est pas n\u00e9cessaire \u00e0 l\u2019ex\u00e9cution d\u2019un contrat conclu avec vous, ce que nous mentionnons \u00e0 chaque fois dans la description des fonctions ci-dessous. En cas d\u2019exercice de ce droit d\u2019opposition, nous vous demandons de pr\u00e9ciser les raisons pour lesquelles nous ne devrions pas traiter vos donn\u00e9es personnelles comme si elles \u00e9taient trait\u00e9es par nous. En cas d\u2019opposition justifi\u00e9e de votre part, nous examinerons la situation et, soit nous suspendrons ou adapterons le traitement des donn\u00e9es, soit nous invoquerons les raisons l\u00e9gitimes et imp\u00e9rieuses sur la base desquelles nous poursuivrons le traitement.<\/p>\n<p>&nbsp;<\/p>\n<p><strong>e.<\/strong> Bien entendu, vous pouvez \u00e0 tout moment vous opposer au traitement de vos donn\u00e9es personnelles \u00e0 des fins publicitaires et d\u2019analyse de donn\u00e9es. Vous pouvez envoyer votre opposition concernant la publicit\u00e9 aux coordonn\u00e9es indiqu\u00e9es au paragraphe f ci-dessous.<\/p>\n<p>&nbsp;<\/p>\n<p><strong>f.<\/strong> Le responsable du traitement au sens de l\u2019art. 4 paragraphe 7 du RGPD est\u00a0:<\/p>\n<p>Hahnem\u00fchle FineArt GmbH<br \/>\nHahnestra\u00dfe 5<br \/>\n37586 Dassel<br \/>\nAllemagne<br \/>\nContact\u00a0: Detlev Kramer<br \/>\nT\u00e9l\u00e9phone\u00a0: +49 5561 791 305<br \/>\nE-mail\u00a0: <a href=\"mailto:detlev.kramer@hahnemuehle.com\">detlev.kramer@hahnemuehle.com<\/a><br \/>\nSite web\u00a0: www.hahnemuehle.com<\/p>\n<p><strong>g.<\/strong> Vous trouverez le nom et l\u2019adresse du pr\u00e9pos\u00e9 \u00e0 la protection des donn\u00e9es \u00e0 la fin de cette d\u00e9claration.<\/p>\n<p>&nbsp;<\/p>\n<p><strong>2. Vos droits<\/strong><\/p>\n<p>Vous disposez des droits suivants relatifs aux donn\u00e9es personnelles vous concernant\u00a0:<\/p>\n<ul>\n<li>droit \u00e0 l\u2019information,<\/li>\n<li>droit de rectification ou de suppression,<\/li>\n<li>droit \u00e0 la limitation du traitement,<\/li>\n<li>droit d\u2019opposition au traitement,<\/li>\n<li>droit \u00e0 la portabilit\u00e9 des donn\u00e9es.<\/li>\n<\/ul>\n<p>Vous avez \u00e9galement le droit de d\u00e9poser plainte aupr\u00e8s d\u2019une autorit\u00e9 de contr\u00f4le de la protection des donn\u00e9es au sujet du traitement de vos donn\u00e9es personnelles.<\/p>\n<p>&nbsp;<\/p>\n<p><strong>3. Cookies<\/strong><\/p>\n<p>Les cookies sont de petits fichiers texte envoy\u00e9s \u00e0 votre navigateur lorsque vous visitez certains sites web. Des informations telles que votre pays d\u2019origine ou la langue de votre navigateur sont enregistr\u00e9es. Les cookies augmentent la facilit\u00e9 d\u2019utilisation des sites web et permettent une navigation rapide et efficace. Ils ne causent aucun dommage \u00e0 votre terminal et ne contiennent aucune donn\u00e9e confidentielle, telle qu\u2019une adresse e-mail ou des d\u00e9tails de paiement.<\/p>\n<p>En utilisant notre site Web, vous acceptez en principe l\u2019utilisation de cookies.<\/p>\n<p>&nbsp;<\/p>\n<p>D\u00e9sactiver les cookies<\/p>\n<p>Vous pouvez g\u00e9rer vous-m\u00eame l\u2019utilisation des cookies avec la plupart des navigateurs. Rendez-vous pour ce faire dans les param\u00e8tres par d\u00e9faut. Il est m\u00eame souvent possible de d\u00e9finir les r\u00e8gles relatives aux cookies pour chacun des sites web. Pour toute question, veuillez vous adresser au fournisseur du navigateur que vous utilisez. Le fait de n\u2019accepter aucun cookie peut conduire \u00e0 une utilisation limit\u00e9e du site web.<\/p>\n<p>&nbsp;<\/p>\n<p><strong>4. Lien externes<\/strong><\/p>\n<p>Pour une information optimale, vous trouverez sur notre site des liens renvoyant \u00e0 des sites de tiers. Ceux-ci renvoient notamment \u00e0 notre pr\u00e9sence sur Facebook, Twitter, Instagram, Youtube et Google+. Dans la mesure o\u00f9 cela ne serait pas \u00e9vident, nous indiquons qu\u2019il s\u2019agit d\u2019un lien externe. Nous n\u2019avons aucune influence sur le contenu et la conception des pages des autres fournisseurs et nous renvoyons donc \u00e0 leurs propres d\u00e9clarations de confidentialit\u00e9. Les garanties de cette charte de confidentialit\u00e9 ne s\u2019y appliquent donc pas.<\/p>\n<p>&nbsp;<\/p>\n<p><strong>5. S\u00e9curit\u00e9<\/strong><\/p>\n<p>Nous prenons des mesures de s\u00e9curit\u00e9 techniques et organisationnelles conformes \u00e0 l\u2019\u00e9tat actuel de la technique afin de prot\u00e9ger les donn\u00e9es que vous nous avez fournies contre toute manipulation accidentelle ou intentionnelle, perte, destruction ou acc\u00e8s par des personnes non autoris\u00e9es. Ainsi, par exemple, les donn\u00e9es que vous saisissez dans le formulaire de contact nous sont transmises sous forme crypt\u00e9e. Les mesures de s\u00e9curit\u00e9 sont continuellement am\u00e9lior\u00e9es en fonction de l\u2019\u00e9volution technologique.<\/p>\n<p>Avertissement\u00a0:<\/p>\n<p>Nous nous effor\u00e7ons d\u2019enregistrer vos donn\u00e9es personnelles en utilisant tous les moyens techniques et organisationnels afin que celles-ci ne soient pas accessibles \u00e0 des tiers. Dans la mesure o\u00f9 nous ne pouvons pas garantir, la s\u00e9curit\u00e9 compl\u00e8te des donn\u00e9es dans le cadre d\u2019une transmission par e-mail, nous vous recommandons d\u2019utiliser la voie postale pour la communication d\u2019informations confidentielles.<\/p>\n<p>&nbsp;<\/p>\n<p><strong>6. Droit \u00e0 l\u2019information<\/strong><\/p>\n<p>Sur demande \u00e9crite, nous serons ravis de vous informer des donn\u00e9es enregistr\u00e9es \u00e0 votre sujet. Pour ce faire, veuillez vous adresser \u00e0 la personne d\u00e9sign\u00e9e au point 1 f. ou \u00e0 notre pr\u00e9pos\u00e9 \u00e0 la protection des donn\u00e9es\u00a0:<\/p>\n<p>J\u00f6rg Hagen, ing\u00e9nieur dipl\u00f4m\u00e9<br \/>\nVeilchenweg 6a<br \/>\n30989 Gehrden<br \/>\nAllemagne<br \/>\nT\u00e9l\u00e9phone\u00a0: +49 5108 9090112<br \/>\nFax\u00a0: +49 5108 642907<br \/>\nE-mail\u00a0: hagen(at)jhcon.de[\/vc_column_text][\/vc_column][\/vc_row]<\/p>\n","protected":false},"excerpt":{"rendered":"<p>[vc_row][vc_column][vc_column_text]1. Informations sur la collecte des donn\u00e9es personnelles &nbsp; La protection de vos donn\u00e9es personnelles lors de leur collecte, de leur traitement et de leur utilisation \u00e0 l\u2019occasion de votre visite sur notre site web est une de nos pr\u00e9occupations majeures. Vos donn\u00e9es ne seront trait\u00e9es que dans le cadre des dispositions l\u00e9gales. Vous trouverez&hellip;<\/p>\n","protected":false},"author":6,"featured_media":0,"parent":0,"menu_order":0,"comment_status":"closed","ping_status":"closed","template":"","meta":[],"acf":[],"yoast_head":"<!-- This site is optimized with the Yoast SEO plugin v19.4 - https:\/\/yoast.com\/wordpress\/plugins\/seo\/ -->\n<title>Charte de confidentialit\u00e9 - Hahnem\u00fchle Blog<\/title>\n<meta name=\"robots\" content=\"index, follow, max-snippet:-1, max-image-preview:large, max-video-preview:-1\" \/>\n<link rel=\"canonical\" href=\"https:\/\/blog.hahnemuehle.com\/fr\/intimite\/\" \/>\n<meta property=\"og:locale\" content=\"fr_FR\" \/>\n<meta property=\"og:type\" content=\"article\" \/>\n<meta property=\"og:title\" content=\"Charte de confidentialit\u00e9 - Hahnem\u00fchle Blog\" \/>\n<meta property=\"og:description\" content=\"[vc_row][vc_column][vc_column_text]1. Informations sur la collecte des donn\u00e9es personnelles &nbsp; La protection de vos donn\u00e9es personnelles lors de leur collecte, de leur traitement et de leur utilisation \u00e0 l\u2019occasion de votre visite sur notre site web est une de nos pr\u00e9occupations majeures. Vos donn\u00e9es ne seront trait\u00e9es que dans le cadre des dispositions l\u00e9gales. Vous trouverez&hellip;\" \/>\n<meta property=\"og:url\" content=\"https:\/\/blog.hahnemuehle.com\/fr\/intimite\/\" \/>\n<meta property=\"og:site_name\" content=\"Hahnem\u00fchle Blog\" \/>\n<meta property=\"article:modified_time\" content=\"2018-05-18T13:17:26+00:00\" \/>\n<meta name=\"twitter:card\" content=\"summary\" \/>\n<meta name=\"twitter:label1\" content=\"Dur\u00e9e de lecture estim\u00e9e\" \/>\n\t<meta name=\"twitter:data1\" content=\"7 minutes\" \/>\n<script type=\"application\/ld+json\" class=\"yoast-schema-graph\">{\"@context\":\"https:\/\/schema.org\",\"@graph\":[{\"@type\":\"WebSite\",\"@id\":\"https:\/\/blog.hahnemuehle.com\/fr\/#website\",\"url\":\"https:\/\/blog.hahnemuehle.com\/fr\/\",\"name\":\"Hahnem\u00fchle Blog\",\"description\":\"\",\"potentialAction\":[{\"@type\":\"SearchAction\",\"target\":{\"@type\":\"EntryPoint\",\"urlTemplate\":\"https:\/\/blog.hahnemuehle.com\/fr\/?s={search_term_string}\"},\"query-input\":\"required name=search_term_string\"}],\"inLanguage\":\"fr-FR\"},{\"@type\":\"WebPage\",\"@id\":\"https:\/\/blog.hahnemuehle.com\/fr\/intimite\/\",\"url\":\"https:\/\/blog.hahnemuehle.com\/fr\/intimite\/\",\"name\":\"Charte de confidentialit\u00e9 - Hahnem\u00fchle Blog\",\"isPartOf\":{\"@id\":\"https:\/\/blog.hahnemuehle.com\/fr\/#website\"},\"datePublished\":\"2013-09-11T12:45:04+00:00\",\"dateModified\":\"2018-05-18T13:17:26+00:00\",\"breadcrumb\":{\"@id\":\"https:\/\/blog.hahnemuehle.com\/fr\/intimite\/#breadcrumb\"},\"inLanguage\":\"fr-FR\",\"potentialAction\":[{\"@type\":\"ReadAction\",\"target\":[\"https:\/\/blog.hahnemuehle.com\/fr\/intimite\/\"]}]},{\"@type\":\"BreadcrumbList\",\"@id\":\"https:\/\/blog.hahnemuehle.com\/fr\/intimite\/#breadcrumb\",\"itemListElement\":[{\"@type\":\"ListItem\",\"position\":1,\"name\":\"Home\",\"item\":\"https:\/\/blog.hahnemuehle.com\/fr\/\"},{\"@type\":\"ListItem\",\"position\":2,\"name\":\"Charte de confidentialit\u00e9\"}]}]}<\/script>\n<!-- \/ Yoast SEO plugin. -->","yoast_head_json":{"title":"Charte de confidentialit\u00e9 - Hahnem\u00fchle Blog","robots":{"index":"index","follow":"follow","max-snippet":"max-snippet:-1","max-image-preview":"max-image-preview:large","max-video-preview":"max-video-preview:-1"},"canonical":"https:\/\/blog.hahnemuehle.com\/fr\/intimite\/","og_locale":"fr_FR","og_type":"article","og_title":"Charte de confidentialit\u00e9 - Hahnem\u00fchle Blog","og_description":"[vc_row][vc_column][vc_column_text]1. Informations sur la collecte des donn\u00e9es personnelles &nbsp; La protection de vos donn\u00e9es personnelles lors de leur collecte, de leur traitement et de leur utilisation \u00e0 l\u2019occasion de votre visite sur notre site web est une de nos pr\u00e9occupations majeures. Vos donn\u00e9es ne seront trait\u00e9es que dans le cadre des dispositions l\u00e9gales. Vous trouverez&hellip;","og_url":"https:\/\/blog.hahnemuehle.com\/fr\/intimite\/","og_site_name":"Hahnem\u00fchle Blog","article_modified_time":"2018-05-18T13:17:26+00:00","twitter_card":"summary","twitter_misc":{"Dur\u00e9e de lecture estim\u00e9e":"7 minutes"},"schema":{"@context":"https:\/\/schema.org","@graph":[{"@type":"WebSite","@id":"https:\/\/blog.hahnemuehle.com\/fr\/#website","url":"https:\/\/blog.hahnemuehle.com\/fr\/","name":"Hahnem\u00fchle Blog","description":"","potentialAction":[{"@type":"SearchAction","target":{"@type":"EntryPoint","urlTemplate":"https:\/\/blog.hahnemuehle.com\/fr\/?s={search_term_string}"},"query-input":"required name=search_term_string"}],"inLanguage":"fr-FR"},{"@type":"WebPage","@id":"https:\/\/blog.hahnemuehle.com\/fr\/intimite\/","url":"https:\/\/blog.hahnemuehle.com\/fr\/intimite\/","name":"Charte de confidentialit\u00e9 - Hahnem\u00fchle Blog","isPartOf":{"@id":"https:\/\/blog.hahnemuehle.com\/fr\/#website"},"datePublished":"2013-09-11T12:45:04+00:00","dateModified":"2018-05-18T13:17:26+00:00","breadcrumb":{"@id":"https:\/\/blog.hahnemuehle.com\/fr\/intimite\/#breadcrumb"},"inLanguage":"fr-FR","potentialAction":[{"@type":"ReadAction","target":["https:\/\/blog.hahnemuehle.com\/fr\/intimite\/"]}]},{"@type":"BreadcrumbList","@id":"https:\/\/blog.hahnemuehle.com\/fr\/intimite\/#breadcrumb","itemListElement":[{"@type":"ListItem","position":1,"name":"Home","item":"https:\/\/blog.hahnemuehle.com\/fr\/"},{"@type":"ListItem","position":2,"name":"Charte de confidentialit\u00e9"}]}]}},"jetpack_shortlink":"https:\/\/wp.me\/P7Mut2-w","_links":{"self":[{"href":"https:\/\/blog.hahnemuehle.com\/fr\/wp-json\/wp\/v2\/pages\/32"}],"collection":[{"href":"https:\/\/blog.hahnemuehle.com\/fr\/wp-json\/wp\/v2\/pages"}],"about":[{"href":"https:\/\/blog.hahnemuehle.com\/fr\/wp-json\/wp\/v2\/types\/page"}],"author":[{"embeddable":true,"href":"https:\/\/blog.hahnemuehle.com\/fr\/wp-json\/wp\/v2\/users\/6"}],"replies":[{"embeddable":true,"href":"https:\/\/blog.hahnemuehle.com\/fr\/wp-json\/wp\/v2\/comments?post=32"}],"version-history":[{"count":10,"href":"https:\/\/blog.hahnemuehle.com\/fr\/wp-json\/wp\/v2\/pages\/32\/revisions"}],"predecessor-version":[{"id":16842,"href":"https:\/\/blog.hahnemuehle.com\/fr\/wp-json\/wp\/v2\/pages\/32\/revisions\/16842"}],"wp:attachment":[{"href":"https:\/\/blog.hahnemuehle.com\/fr\/wp-json\/wp\/v2\/media?parent=32"}],"curies":[{"name":"wp","href":"https:\/\/api.w.org\/{rel}","templated":true}]}}