{"id":42,"date":"2013-09-11T14:53:36","date_gmt":"2013-09-11T12:53:36","guid":{"rendered":"http:\/\/news.hahnemuehle.com\/?page_id=42"},"modified":"2022-01-12T11:31:34","modified_gmt":"2022-01-12T10:31:34","slug":"empreinte","status":"publish","type":"page","link":"https:\/\/blog.hahnemuehle.com\/fr\/empreinte\/","title":{"rendered":"Empreinte"},"content":{"rendered":"<p>Hahnem\u00fchle FineArt GmbH<br \/>\nHahnestra\u00dfe 5<br \/>\n37586 Dassel<br \/>\nAllemagne<\/p>\n<p>T\u00e9l\u00e9fon: +49 55 61 791-235<br \/>\nT\u00e9l\u00e9fax: +49 55 61 791-340<\/p>\n<p><a href=\"mailto:pr@hahnemuehle.com\">pr@hahnemuehle.com<\/a><br \/>\n<a href=\"https:\/\/www.hahnemuehle.com\/fr\/\" target=\"_blank\" rel=\"noopener noreferrer\">www.hahnemuehle.com<\/a><\/p>\n<p>Tribunal d&rsquo;istance: G\u00f6ttingen HRB 131008<br \/>\nPr\u00e9sident-Directeure G\u00e9n\u00e9ral: Jan W\u00f6lfle<br \/>\nLe num\u00e9ro d\u2019identification \u00e0 la taxe sur la valeur ajout\u00e9e: DE 811131962<\/p>\n","protected":false},"excerpt":{"rendered":"<p>Hahnem\u00fchle FineArt GmbH Hahnestra\u00dfe 5 37586 Dassel Allemagne T\u00e9l\u00e9fon: +49 55 61 791-235 T\u00e9l\u00e9fax: +49 55 61 791-340 pr@hahnemuehle.com www.hahnemuehle.com Tribunal d&rsquo;istance: G\u00f6ttingen HRB 131008 Pr\u00e9sident-Directeure G\u00e9n\u00e9ral: Jan W\u00f6lfle Le num\u00e9ro d\u2019identification \u00e0 la taxe sur la valeur ajout\u00e9e: DE 811131962<\/p>\n","protected":false},"author":6,"featured_media":0,"parent":0,"menu_order":0,"comment_status":"closed","ping_status":"closed","template":"","meta":[],"acf":[],"yoast_head":"<!-- This site is optimized with the Yoast SEO plugin v19.4 - https:\/\/yoast.com\/wordpress\/plugins\/seo\/ -->\n<title>Empreinte - Hahnem\u00fchle Blog<\/title>\n<meta name=\"robots\" content=\"index, follow, max-snippet:-1, max-image-preview:large, max-video-preview:-1\" \/>\n<link rel=\"canonical\" href=\"https:\/\/blog.hahnemuehle.com\/fr\/empreinte\/\" \/>\n<meta property=\"og:locale\" content=\"fr_FR\" \/>\n<meta property=\"og:type\" content=\"article\" \/>\n<meta property=\"og:title\" content=\"Empreinte - Hahnem\u00fchle Blog\" \/>\n<meta property=\"og:description\" content=\"Hahnem\u00fchle FineArt GmbH Hahnestra\u00dfe 5 37586 Dassel Allemagne T\u00e9l\u00e9fon: +49 55 61 791-235 T\u00e9l\u00e9fax: +49 55 61 791-340 pr@hahnemuehle.com www.hahnemuehle.com Tribunal d&rsquo;istance: G\u00f6ttingen HRB 131008 Pr\u00e9sident-Directeure G\u00e9n\u00e9ral: Jan W\u00f6lfle Le num\u00e9ro d\u2019identification \u00e0 la taxe sur la valeur ajout\u00e9e: DE 811131962\" \/>\n<meta property=\"og:url\" content=\"https:\/\/blog.hahnemuehle.com\/fr\/empreinte\/\" \/>\n<meta property=\"og:site_name\" content=\"Hahnem\u00fchle Blog\" \/>\n<meta property=\"article:modified_time\" content=\"2022-01-12T10:31:34+00:00\" \/>\n<meta name=\"twitter:card\" content=\"summary\" \/>\n<script type=\"application\/ld+json\" class=\"yoast-schema-graph\">{\"@context\":\"https:\/\/schema.org\",\"@graph\":[{\"@type\":\"WebSite\",\"@id\":\"https:\/\/blog.hahnemuehle.com\/fr\/#website\",\"url\":\"https:\/\/blog.hahnemuehle.com\/fr\/\",\"name\":\"Hahnem\u00fchle Blog\",\"description\":\"\",\"potentialAction\":[{\"@type\":\"SearchAction\",\"target\":{\"@type\":\"EntryPoint\",\"urlTemplate\":\"https:\/\/blog.hahnemuehle.com\/fr\/?s={search_term_string}\"},\"query-input\":\"required name=search_term_string\"}],\"inLanguage\":\"fr-FR\"},{\"@type\":\"WebPage\",\"@id\":\"https:\/\/blog.hahnemuehle.com\/fr\/empreinte\/\",\"url\":\"https:\/\/blog.hahnemuehle.com\/fr\/empreinte\/\",\"name\":\"Empreinte - Hahnem\u00fchle Blog\",\"isPartOf\":{\"@id\":\"https:\/\/blog.hahnemuehle.com\/fr\/#website\"},\"datePublished\":\"2013-09-11T12:53:36+00:00\",\"dateModified\":\"2022-01-12T10:31:34+00:00\",\"breadcrumb\":{\"@id\":\"https:\/\/blog.hahnemuehle.com\/fr\/empreinte\/#breadcrumb\"},\"inLanguage\":\"fr-FR\",\"potentialAction\":[{\"@type\":\"ReadAction\",\"target\":[\"https:\/\/blog.hahnemuehle.com\/fr\/empreinte\/\"]}]},{\"@type\":\"BreadcrumbList\",\"@id\":\"https:\/\/blog.hahnemuehle.com\/fr\/empreinte\/#breadcrumb\",\"itemListElement\":[{\"@type\":\"ListItem\",\"position\":1,\"name\":\"Home\",\"item\":\"https:\/\/blog.hahnemuehle.com\/fr\/\"},{\"@type\":\"ListItem\",\"position\":2,\"name\":\"Empreinte\"}]}]}<\/script>\n<!-- \/ Yoast SEO plugin. -->","yoast_head_json":{"title":"Empreinte - Hahnem\u00fchle Blog","robots":{"index":"index","follow":"follow","max-snippet":"max-snippet:-1","max-image-preview":"max-image-preview:large","max-video-preview":"max-video-preview:-1"},"canonical":"https:\/\/blog.hahnemuehle.com\/fr\/empreinte\/","og_locale":"fr_FR","og_type":"article","og_title":"Empreinte - Hahnem\u00fchle Blog","og_description":"Hahnem\u00fchle FineArt GmbH Hahnestra\u00dfe 5 37586 Dassel Allemagne T\u00e9l\u00e9fon: +49 55 61 791-235 T\u00e9l\u00e9fax: +49 55 61 791-340 pr@hahnemuehle.com www.hahnemuehle.com Tribunal d&rsquo;istance: G\u00f6ttingen HRB 131008 Pr\u00e9sident-Directeure G\u00e9n\u00e9ral: Jan W\u00f6lfle Le num\u00e9ro d\u2019identification \u00e0 la taxe sur la valeur ajout\u00e9e: DE 811131962","og_url":"https:\/\/blog.hahnemuehle.com\/fr\/empreinte\/","og_site_name":"Hahnem\u00fchle Blog","article_modified_time":"2022-01-12T10:31:34+00:00","twitter_card":"summary","schema":{"@context":"https:\/\/schema.org","@graph":[{"@type":"WebSite","@id":"https:\/\/blog.hahnemuehle.com\/fr\/#website","url":"https:\/\/blog.hahnemuehle.com\/fr\/","name":"Hahnem\u00fchle Blog","description":"","potentialAction":[{"@type":"SearchAction","target":{"@type":"EntryPoint","urlTemplate":"https:\/\/blog.hahnemuehle.com\/fr\/?s={search_term_string}"},"query-input":"required name=search_term_string"}],"inLanguage":"fr-FR"},{"@type":"WebPage","@id":"https:\/\/blog.hahnemuehle.com\/fr\/empreinte\/","url":"https:\/\/blog.hahnemuehle.com\/fr\/empreinte\/","name":"Empreinte - Hahnem\u00fchle Blog","isPartOf":{"@id":"https:\/\/blog.hahnemuehle.com\/fr\/#website"},"datePublished":"2013-09-11T12:53:36+00:00","dateModified":"2022-01-12T10:31:34+00:00","breadcrumb":{"@id":"https:\/\/blog.hahnemuehle.com\/fr\/empreinte\/#breadcrumb"},"inLanguage":"fr-FR","potentialAction":[{"@type":"ReadAction","target":["https:\/\/blog.hahnemuehle.com\/fr\/empreinte\/"]}]},{"@type":"BreadcrumbList","@id":"https:\/\/blog.hahnemuehle.com\/fr\/empreinte\/#breadcrumb","itemListElement":[{"@type":"ListItem","position":1,"name":"Home","item":"https:\/\/blog.hahnemuehle.com\/fr\/"},{"@type":"ListItem","position":2,"name":"Empreinte"}]}]}},"jetpack_shortlink":"https:\/\/wp.me\/P7Mut2-G","_links":{"self":[{"href":"https:\/\/blog.hahnemuehle.com\/fr\/wp-json\/wp\/v2\/pages\/42"}],"collection":[{"href":"https:\/\/blog.hahnemuehle.com\/fr\/wp-json\/wp\/v2\/pages"}],"about":[{"href":"https:\/\/blog.hahnemuehle.com\/fr\/wp-json\/wp\/v2\/types\/page"}],"author":[{"embeddable":true,"href":"https:\/\/blog.hahnemuehle.com\/fr\/wp-json\/wp\/v2\/users\/6"}],"replies":[{"embeddable":true,"href":"https:\/\/blog.hahnemuehle.com\/fr\/wp-json\/wp\/v2\/comments?post=42"}],"version-history":[{"count":7,"href":"https:\/\/blog.hahnemuehle.com\/fr\/wp-json\/wp\/v2\/pages\/42\/revisions"}],"predecessor-version":[{"id":18005,"href":"https:\/\/blog.hahnemuehle.com\/fr\/wp-json\/wp\/v2\/pages\/42\/revisions\/18005"}],"wp:attachment":[{"href":"https:\/\/blog.hahnemuehle.com\/fr\/wp-json\/wp\/v2\/media?parent=42"}],"curies":[{"name":"wp","href":"https:\/\/api.w.org\/{rel}","templated":true}]}}